{"id":653,"date":"2021-03-03T14:07:01","date_gmt":"2021-03-03T14:07:01","guid":{"rendered":"http:\/\/vykop.cz.uvirt104.active24.cz\/?page_id=653"},"modified":"2022-04-26T08:09:33","modified_gmt":"2022-04-26T08:09:33","slug":"volne-pozice","status":"publish","type":"page","link":"https:\/\/vykop.cz\/index.php\/volne-pozice\/","title":{"rendered":"Voln\u00e9 pozice"},"content":{"rendered":"\t\t<div data-elementor-type=\"wp-page\" data-elementor-id=\"653\" class=\"elementor elementor-653\" data-elementor-settings=\"[]\">\n\t\t\t\t\t\t<div class=\"elementor-inner\">\n\t\t\t\t\t\t\t<div class=\"elementor-section-wrap\">\n\t\t\t\t\t\t\t<section class=\"elementor-section elementor-top-section elementor-element elementor-element-60e3ea0 elementor-section-height-min-height elementor-section-boxed elementor-section-height-default elementor-section-items-middle\" data-id=\"60e3ea0\" data-element_type=\"section\" data-settings=\"{&quot;background_background&quot;:&quot;classic&quot;,&quot;background_motion_fx_motion_fx_scrolling&quot;:&quot;yes&quot;,&quot;background_motion_fx_translateY_effect&quot;:&quot;yes&quot;,&quot;background_motion_fx_translateY_speed&quot;:{&quot;unit&quot;:&quot;px&quot;,&quot;size&quot;:8.300000000000000710542735760100185871124267578125,&quot;sizes&quot;:[]},&quot;background_motion_fx_translateY_affectedRange&quot;:{&quot;unit&quot;:&quot;%&quot;,&quot;size&quot;:&quot;&quot;,&quot;sizes&quot;:{&quot;start&quot;:0,&quot;end&quot;:100}},&quot;background_motion_fx_devices&quot;:[&quot;desktop&quot;,&quot;tablet&quot;,&quot;mobile&quot;]}\">\n\t\t\t\t\t\t<div class=\"elementor-container elementor-column-gap-default\">\n\t\t\t\t\t\t\t<div class=\"elementor-row\">\n\t\t\t\t\t<div class=\"elementor-column elementor-col-100 elementor-top-column elementor-element elementor-element-c791e69\" data-id=\"c791e69\" data-element_type=\"column\">\n\t\t\t<div class=\"elementor-column-wrap elementor-element-populated\">\n\t\t\t\t\t\t\t<div class=\"elementor-widget-wrap\">\n\t\t\t\t\t\t<div class=\"elementor-element elementor-element-b6c448e elementor-widget elementor-widget-heading\" data-id=\"b6c448e\" data-element_type=\"widget\" data-widget_type=\"heading.default\">\n\t\t\t\t<div class=\"elementor-widget-container\">\n\t\t\t<h2 class=\"elementor-heading-title elementor-size-default\">VOLN\u00c9 PRACOVN\u00cd POZICE<\/h2>\t\t<\/div>\n\t\t\t\t<\/div>\n\t\t\t\t\t\t<\/div>\n\t\t\t\t\t<\/div>\n\t\t<\/div>\n\t\t\t\t\t\t\t\t<\/div>\n\t\t\t\t\t<\/div>\n\t\t<\/section>\n\t\t\t\t<section class=\"elementor-section elementor-top-section elementor-element elementor-element-9746b94 elementor-section-height-min-height elementor-section-boxed elementor-section-height-default elementor-section-items-middle\" data-id=\"9746b94\" data-element_type=\"section\">\n\t\t\t\t\t\t<div class=\"elementor-container elementor-column-gap-default\">\n\t\t\t\t\t\t\t<div class=\"elementor-row\">\n\t\t\t\t\t<div class=\"elementor-column elementor-col-50 elementor-top-column elementor-element elementor-element-5ff7b10\" data-id=\"5ff7b10\" data-element_type=\"column\" id=\"kontakt\">\n\t\t\t<div class=\"elementor-column-wrap elementor-element-populated\">\n\t\t\t\t\t\t\t<div class=\"elementor-widget-wrap\">\n\t\t\t\t\t\t<div class=\"elementor-element elementor-element-0045670 elementor-position-left elementor-view-default elementor-vertical-align-top elementor-widget elementor-widget-icon-box\" data-id=\"0045670\" data-element_type=\"widget\" data-widget_type=\"icon-box.default\">\n\t\t\t\t<div class=\"elementor-widget-container\">\n\t\t\t\t\t<div class=\"elementor-icon-box-wrapper\">\n\t\t\t\t\t\t<div class=\"elementor-icon-box-icon\">\n\t\t\t\t<span class=\"elementor-icon elementor-animation-grow\" >\n\t\t\t\t<i aria-hidden=\"true\" class=\"fas fa-hard-hat\"><\/i>\t\t\t\t<\/span>\n\t\t\t<\/div>\n\t\t\t\t\t\t<div class=\"elementor-icon-box-content\">\n\t\t\t\t<h3 class=\"elementor-icon-box-title\">\n\t\t\t\t\t<span >Strojn\u00edk stavebn\u00ed techniky<\/span>\n\t\t\t\t<\/h3>\n\t\t\t\t\t\t\t<\/div>\n\t\t<\/div>\n\t\t\t\t<\/div>\n\t\t\t\t<\/div>\n\t\t\t\t<div class=\"elementor-element elementor-element-6c88d46 elementor-widget elementor-widget-text-editor\" data-id=\"6c88d46\" data-element_type=\"widget\" data-widget_type=\"text-editor.default\">\n\t\t\t\t<div class=\"elementor-widget-container\">\n\t\t\t\t\t<div class=\"elementor-text-editor elementor-clearfix\"><p><strong>Typ pr\u00e1ce:<\/strong><\/p><ul><li>Po zapracov\u00e1n\u00ed na pln\u00fd \u00favazek \u2013 pracovn\u00ed smlouva<\/li><li>Mo\u017enost na OSV\u010c<\/li><\/ul><p><strong>Nab\u00edz\u00edme:<\/strong><\/p><ul><li>N\u00e1stup mo\u017en\u00fd ihned<\/li><li>N\u00e1stupn\u00ed mzda 29.000,-K\u010d \/ 37,5 hod. t\u00fddn\u011b<\/li><li>Maximalizace voln\u00fdch v\u00edkend\u016f<\/li><li>Perspektivn\u00ed pr\u00e1ci u prosperuj\u00edc\u00ed firmy<\/li><li>Firemn\u00ed benefity<\/li><li>Individu\u00e1ln\u00ed odm\u011bny<\/li><li>P\u0159\u00edsp\u011bvek na dopravu<\/li><li>Pracovn\u00ed doba PO-P\u00c1 od 7\u00b0\u00b0 ( dle podm\u00ednek stavby)<\/li><\/ul><p><strong>N\u00e1pl\u0148 pr\u00e1ce:<\/strong><\/p><ul><li>P\u0159ev\u00e1\u017en\u011b v\u00a0Olomouck\u00e9m kraji<\/li><li>Pr\u00e1ce spojen\u00e9 s\u00a0provozem firmy<\/li><\/ul><p><strong>Po\u017eadujeme<\/strong>:<\/p><ul><li>\u0158P skupiny C+E<\/li><li>Pr\u016fkaz strojn\u00edka obsluhy<\/li><li>Spolehlivost a zodpov\u011bdnost p\u0159i \u0159e\u0161en\u00ed \u0159e\u0161en\u00ed \u00fakol\u016f<\/li><li>\u010casov\u00e1 flexibilita<\/li><li>Praxe nejm\u00e9n\u011b 2 roky<\/li><\/ul><\/div>\n\t\t\t\t<\/div>\n\t\t\t\t<\/div>\n\t\t\t\t<div class=\"elementor-element elementor-element-48b9f75 elementor-position-left elementor-view-default elementor-vertical-align-top elementor-widget elementor-widget-icon-box\" data-id=\"48b9f75\" data-element_type=\"widget\" data-widget_type=\"icon-box.default\">\n\t\t\t\t<div class=\"elementor-widget-container\">\n\t\t\t\t\t<div class=\"elementor-icon-box-wrapper\">\n\t\t\t\t\t\t<div class=\"elementor-icon-box-icon\">\n\t\t\t\t<span class=\"elementor-icon elementor-animation-grow\" >\n\t\t\t\t<i aria-hidden=\"true\" class=\"fas fa-truck-moving\"><\/i>\t\t\t\t<\/span>\n\t\t\t<\/div>\n\t\t\t\t\t\t<div class=\"elementor-icon-box-content\">\n\t\t\t\t<h3 class=\"elementor-icon-box-title\">\n\t\t\t\t\t<span >\u0158idi\u010d n\u00e1kladn\u00edho vozidla<\/span>\n\t\t\t\t<\/h3>\n\t\t\t\t\t\t\t<\/div>\n\t\t<\/div>\n\t\t\t\t<\/div>\n\t\t\t\t<\/div>\n\t\t\t\t<div class=\"elementor-element elementor-element-8fea301 elementor-widget elementor-widget-text-editor\" data-id=\"8fea301\" data-element_type=\"widget\" data-widget_type=\"text-editor.default\">\n\t\t\t\t<div class=\"elementor-widget-container\">\n\t\t\t\t\t<div class=\"elementor-text-editor elementor-clearfix\"><p><strong>Typ pr\u00e1ce:<\/strong><\/p><ul><li>Po zapracov\u00e1n\u00ed na pln\u00fd \u00favazek \u2013 pracovn\u00ed smlouva<\/li><li>Mo\u017enost na OSV\u010c<\/li><\/ul><p><strong>Nab\u00edz\u00edme:<\/strong><\/p><ul><li>N\u00e1stup mo\u017en\u00fd ihned<\/li><li>N\u00e1stupn\u00ed mzda 29.000,-K\u010d \/ 37,5 hod. t\u00fddn\u011b<\/li><li>Maximalizace voln\u00fdch v\u00edkend\u016f<\/li><li>Perspektivn\u00ed pr\u00e1ci u prosperuj\u00edc\u00ed firmy<\/li><li>Firemn\u00ed benefity<\/li><li>Individu\u00e1ln\u00ed odm\u011bny<\/li><li>P\u0159\u00edsp\u011bvek na dopravu<\/li><li>Pracovn\u00ed doba PO-P\u00c1 od 7\u00b0\u00b0 ( dle podm\u00ednek stavby)<\/li><\/ul><p><strong>N\u00e1pl\u0148 pr\u00e1ce:<\/strong><\/p><ul><li>Doprava v\u00a0r\u00e1mci \u010cR p\u0159ev\u00e1\u017en\u011b Olomouck\u00fd kraj<\/li><li>Pr\u00e1ce spojen\u00e9 s\u00a0provozem firmy<\/li><\/ul><p><strong>Po\u017eadujeme:<\/strong><\/p><ul><li>\u0158P skupiny C+E<\/li><li>Osv\u011bd\u010den\u00ed profesn\u00ed zp\u016fsobilosti \u0159idi\u010de<\/li><li>Je\u0159\u00e1bnick\u00fd a vaza\u010dsk\u00fd pr\u016fkaz<\/li><li>Spolehlivost a zodpov\u011bdnost p\u0159i \u0159e\u0161en\u00ed \u0159e\u0161en\u00ed \u00fakol\u016f<\/li><li>\u010casov\u00e1 flexibilita<\/li><li>Praxe nejm\u00e9n\u011b 2 roky<\/li><\/ul><\/div>\n\t\t\t\t<\/div>\n\t\t\t\t<\/div>\n\t\t\t\t<div class=\"elementor-element elementor-element-17a4cfa elementor-position-left elementor-view-default elementor-vertical-align-top elementor-widget elementor-widget-icon-box\" data-id=\"17a4cfa\" data-element_type=\"widget\" data-widget_type=\"icon-box.default\">\n\t\t\t\t<div class=\"elementor-widget-container\">\n\t\t\t\t\t<div class=\"elementor-icon-box-wrapper\">\n\t\t\t\t\t\t<div class=\"elementor-icon-box-icon\">\n\t\t\t\t<span class=\"elementor-icon elementor-animation-grow\" >\n\t\t\t\t<i aria-hidden=\"true\" class=\"fas fa-hammer\"><\/i>\t\t\t\t<\/span>\n\t\t\t<\/div>\n\t\t\t\t\t\t<div class=\"elementor-icon-box-content\">\n\t\t\t\t<h3 class=\"elementor-icon-box-title\">\n\t\t\t\t\t<span >Stavebn\u00ed d\u011bln\u00edk<\/span>\n\t\t\t\t<\/h3>\n\t\t\t\t\t\t\t<\/div>\n\t\t<\/div>\n\t\t\t\t<\/div>\n\t\t\t\t<\/div>\n\t\t\t\t<div class=\"elementor-element elementor-element-c6d0208 elementor-widget elementor-widget-text-editor\" data-id=\"c6d0208\" data-element_type=\"widget\" data-widget_type=\"text-editor.default\">\n\t\t\t\t<div class=\"elementor-widget-container\">\n\t\t\t\t\t<div class=\"elementor-text-editor elementor-clearfix\"><p><strong>Typ pr\u00e1ce:<\/strong><\/p><ul><li>Po zapracov\u00e1n\u00ed na pln\u00fd \u00favazek \u2013 pracovn\u00ed smlouva<\/li><li>Mo\u017enost na OSV\u010c<\/li><li>Brig\u00e1da<\/li><\/ul><p><strong>Nab\u00edz\u00edme:<\/strong><\/p><ul><li>N\u00e1stup mo\u017en\u00fd ihned<\/li><li>N\u00e1stupn\u00ed mzda 20.000,-K\u010d \/ 37,5 hod. t\u00fddn\u011b<\/li><li>Maximalizace voln\u00fdch v\u00edkend\u016f<\/li><li>Perspektivn\u00ed pr\u00e1ci u prosperuj\u00edc\u00ed firmy<\/li><li>Firemn\u00ed benefity<\/li><li>Individu\u00e1ln\u00ed odm\u011bny<\/li><li>P\u0159\u00edsp\u011bvek na dopravu<\/li><li>Pracovn\u00ed doba PO-P\u00c1 od 7\u00b0\u00b0 ( dle podm\u00ednek stavby)<\/li><\/ul><p><strong>N\u00e1pl\u0148 pr\u00e1ce:<\/strong><\/p><ul><li>P\u0159ev\u00e1\u017en\u011b v\u00a0Olomouck\u00e9m kraji<\/li><li>Pomocn\u00e9 stavebn\u00ed pr\u00e1ce<\/li><li>V\u00fdkopov\u00e9 pr\u00e1ce<\/li><li>Stavebn\u00ed a zednick\u00e9 pr\u00e1ce<\/li><li>Pr\u00e1ce spojen\u00e9 s\u00a0provozem firmy<\/li><\/ul><p><strong>Po\u017eadujeme:<\/strong><\/p><ul><li>Spolehlivost a zodpov\u011bdnost p\u0159i \u0159e\u0161en\u00ed \u0159e\u0161en\u00ed \u00fakol\u016f<\/li><li>\u010casov\u00e1 flexibilita<\/li><li>Praxe v\u00fdhodou<\/li><\/ul><\/div>\n\t\t\t\t<\/div>\n\t\t\t\t<\/div>\n\t\t\t\t\t\t<\/div>\n\t\t\t\t\t<\/div>\n\t\t<\/div>\n\t\t\t\t<div class=\"elementor-column elementor-col-50 elementor-top-column elementor-element elementor-element-4e3482e elementor-hidden-phone\" data-id=\"4e3482e\" data-element_type=\"column\">\n\t\t\t<div class=\"elementor-column-wrap elementor-element-populated\">\n\t\t\t\t\t\t\t<div class=\"elementor-widget-wrap\">\n\t\t\t\t\t\t<div class=\"elementor-element elementor-element-44d84a9 elementor-button-align-stretch elementor-widget elementor-widget-form\" data-id=\"44d84a9\" data-element_type=\"widget\" data-settings=\"{&quot;step_next_label&quot;:&quot;Next&quot;,&quot;step_previous_label&quot;:&quot;Previous&quot;,&quot;sticky&quot;:&quot;top&quot;,&quot;sticky_offset&quot;:150,&quot;sticky_effects_offset&quot;:50,&quot;button_width&quot;:&quot;100&quot;,&quot;step_type&quot;:&quot;number_text&quot;,&quot;step_icon_shape&quot;:&quot;circle&quot;,&quot;sticky_on&quot;:[&quot;desktop&quot;,&quot;tablet&quot;,&quot;mobile&quot;]}\" data-widget_type=\"form.default\">\n\t\t\t\t<div class=\"elementor-widget-container\">\n\t\t\t\t\t<form class=\"elementor-form\" method=\"post\" id=\"KONTAKT\" name=\"Kontaktn\u00ed formul\u00e1\u0159\">\n\t\t\t<input type=\"hidden\" name=\"post_id\" value=\"653\"\/>\n\t\t\t<input type=\"hidden\" name=\"form_id\" value=\"44d84a9\"\/>\n\n\t\t\t\n\t\t\t<div class=\"elementor-form-fields-wrapper elementor-labels-above\">\n\t\t\t\t\t\t\t\t<div class=\"elementor-field-type-select elementor-field-group elementor-column elementor-field-group-field_11c8acc elementor-col-100\">\n\t\t\t\t\t<label for=\"form-field-field_11c8acc\" class=\"elementor-field-label\">O jakou pozici m\u00e1te z\u00e1jem?<\/label>\t\t<div class=\"elementor-field elementor-select-wrapper \">\n\t\t\t<select name=\"form_fields[field_11c8acc]\" id=\"form-field-field_11c8acc\" class=\"elementor-field-textual elementor-size-md\">\n\t\t\t\t<option value=\"\u0158idi\u010d n\u00e1kladn\u00edho vozidla\">\u0158idi\u010d n\u00e1kladn\u00edho vozidla<\/option><option value=\"Stavebn\u00ed d\u011bln\u00edk\">Stavebn\u00ed d\u011bln\u00edk<\/option><option value=\"Strojn\u00edk stavebn\u00ed techniky\">Strojn\u00edk stavebn\u00ed techniky<\/option>\t\t\t<\/select>\n\t\t<\/div>\n\t\t\t\t\t\t<\/div>\n\t\t\t\t\t\t\t\t<div class=\"elementor-field-type-email elementor-field-group elementor-column elementor-field-group-field_a1ada50 elementor-col-100 elementor-field-required\">\n\t\t\t\t\t<label for=\"form-field-field_a1ada50\" class=\"elementor-field-label\">V\u00e1\u0161 e-mail<\/label><input size=\"1\" type=\"email\" name=\"form_fields[field_a1ada50]\" id=\"form-field-field_a1ada50\" class=\"elementor-field elementor-size-md  elementor-field-textual\" placeholder=\"Email\" required=\"required\" aria-required=\"true\">\t\t\t\t<\/div>\n\t\t\t\t\t\t\t\t<div class=\"elementor-field-type-email elementor-field-group elementor-column elementor-field-group-email elementor-col-100 elementor-field-required\">\n\t\t\t\t\t<label for=\"form-field-email\" class=\"elementor-field-label\">V\u00e1\u0161e jm\u00e9no a p\u0159\u00edjmen\u00ed<\/label><input size=\"1\" type=\"email\" name=\"form_fields[email]\" id=\"form-field-email\" class=\"elementor-field elementor-size-md  elementor-field-textual\" placeholder=\"Jm\u00e9no a p\u0159\u00edjmen\u00ed\" required=\"required\" aria-required=\"true\">\t\t\t\t<\/div>\n\t\t\t\t\t\t\t\t<div class=\"elementor-field-type-upload elementor-field-group elementor-column elementor-field-group-field_d9c1655 elementor-col-100\">\n\t\t\t\t\t<label for=\"form-field-field_d9c1655\" class=\"elementor-field-label\">Nahrajte \u017eivotopis<\/label><input type=\"file\" name=\"form_fields[field_d9c1655]\" id=\"form-field-field_d9c1655\" class=\"elementor-field elementor-size-md  elementor-upload-field\">\t\t\t\t<\/div>\n\t\t\t\t\t\t\t\t<div class=\"elementor-field-type-textarea elementor-field-group elementor-column elementor-field-group-message elementor-col-100\">\n\t\t\t\t\t<label for=\"form-field-message\" class=\"elementor-field-label\">Va\u0161e zpr\u00e1va<\/label><textarea class=\"elementor-field-textual elementor-field  elementor-size-md\" name=\"form_fields[message]\" id=\"form-field-message\" rows=\"4\" placeholder=\"Sem napi\u0161te zpr\u00e1vu\"><\/textarea>\t\t\t\t<\/div>\n\t\t\t\t\t\t\t\t<div class=\"elementor-field-type-recaptcha_v3 elementor-field-group elementor-column elementor-field-group-field_561edf8 elementor-col-100 recaptcha_v3-bottomright\">\n\t\t\t\t\t<div class=\"elementor-field\" id=\"form-field-field_561edf8\"><div class=\"elementor-g-recaptcha\" data-sitekey=\"6LcFkaAfAAAAAIxQIMVRebDc15eZiK2G7xJ8AgR9\" data-type=\"v3\" data-action=\"Form\" data-badge=\"bottomright\" data-size=\"invisible\"><\/div><\/div>\t\t\t\t<\/div>\n\t\t\t\t\t\t\t\t<div class=\"elementor-field-type-html elementor-field-group elementor-column elementor-field-group-field_dc3e515 elementor-col-100\">\n\t\t\t\t\t<span style=\"font-size:12px\">This site is protected by reCAPTCHA and the Google <a href=\"https:\/\/policies.google.com\/privacy\">Privacy Policy<\/a> and <a href=\"https:\/\/policies.google.com\/terms\">Terms of Service<\/a> apply.<\/span>\t\t\t\t<\/div>\n\t\t\t\t\t\t\t\t<div class=\"elementor-field-type-text\">\n\t\t\t\t\t<input size=\"1\" type=\"text\" name=\"form_fields[field_13aa460]\" id=\"form-field-field_13aa460\" class=\"elementor-field elementor-size-md \" style=\"display:none !important;\">\t\t\t\t<\/div>\n\t\t\t\t\t\t\t\t<div class=\"elementor-field-group elementor-column elementor-field-type-submit elementor-col-100 e-form__buttons\">\n\t\t\t\t\t<button type=\"submit\" class=\"elementor-button elementor-size-sm\">\n\t\t\t\t\t\t<span >\n\t\t\t\t\t\t\t\t\t\t\t\t\t\t\t<span class=\"elementor-align-icon-right elementor-button-icon\">\n\t\t\t\t\t\t\t\t\t<i aria-hidden=\"true\" class=\"far fa-paper-plane\"><\/i>\t\t\t\t\t\t\t\t\t\t\t\t\t\t\t\t\t<\/span>\n\t\t\t\t\t\t\t\t\t\t\t\t\t\t\t\t\t\t\t\t\t\t<span class=\"elementor-button-text\">ODESLAT<\/span>\n\t\t\t\t\t\t\t\t\t\t\t\t\t<\/span>\n\t\t\t\t\t<\/button>\n\t\t\t\t<\/div>\n\t\t\t<\/div>\n\t\t<\/form>\n\t\t\t\t<\/div>\n\t\t\t\t<\/div>\n\t\t\t\t\t\t<\/div>\n\t\t\t\t\t<\/div>\n\t\t<\/div>\n\t\t\t\t\t\t\t\t<\/div>\n\t\t\t\t\t<\/div>\n\t\t<\/section>\n\t\t\t\t<section class=\"elementor-section elementor-top-section elementor-element elementor-element-0bb81c1 elementor-section-boxed elementor-section-height-default elementor-section-height-default\" data-id=\"0bb81c1\" data-element_type=\"section\">\n\t\t\t\t\t\t<div class=\"elementor-container elementor-column-gap-default\">\n\t\t\t\t\t\t\t<div class=\"elementor-row\">\n\t\t\t\t\t<div class=\"elementor-column elementor-col-100 elementor-top-column elementor-element elementor-element-aefbc9f\" data-id=\"aefbc9f\" data-element_type=\"column\">\n\t\t\t<div class=\"elementor-column-wrap elementor-element-populated\">\n\t\t\t\t\t\t\t<div class=\"elementor-widget-wrap\">\n\t\t\t\t\t\t<div class=\"elementor-element elementor-element-4f60cdd elementor-widget-divider--view-line elementor-widget elementor-widget-divider\" data-id=\"4f60cdd\" data-element_type=\"widget\" data-widget_type=\"divider.default\">\n\t\t\t\t<div class=\"elementor-widget-container\">\n\t\t\t\t\t<div class=\"elementor-divider\">\n\t\t\t<span class=\"elementor-divider-separator\">\n\t\t\t\t\t\t<\/span>\n\t\t<\/div>\n\t\t\t\t<\/div>\n\t\t\t\t<\/div>\n\t\t\t\t\t\t<\/div>\n\t\t\t\t\t<\/div>\n\t\t<\/div>\n\t\t\t\t\t\t\t\t<\/div>\n\t\t\t\t\t<\/div>\n\t\t<\/section>\n\t\t\t\t\t\t<\/div>\n\t\t\t\t\t\t<\/div>\n\t\t\t\t\t<\/div>\n\t\t","protected":false},"excerpt":{"rendered":"<p>VOLN\u00c9 PRACOVN\u00cd POZICE Strojn\u00edk stavebn\u00ed techniky Typ pr\u00e1ce: Po zapracov\u00e1n\u00ed na pln\u00fd \u00favazek \u2013 pracovn\u00ed smlouva Mo\u017enost na OSV\u010c Nab\u00edz\u00edme: N\u00e1stup mo\u017en\u00fd ihned N\u00e1stupn\u00ed mzda 29.000,-K\u010d \/ 37,5 hod. t\u00fddn\u011b Maximalizace voln\u00fdch v\u00edkend\u016f Perspektivn\u00ed pr\u00e1ci u prosperuj\u00edc\u00ed firmy Firemn\u00ed benefity Individu\u00e1ln\u00ed odm\u011bny P\u0159\u00edsp\u011bvek na dopravu Pracovn\u00ed doba PO-P\u00c1 od 7\u00b0\u00b0 ( dle podm\u00ednek stavby) N\u00e1pl\u0148 [&hellip;]<\/p>\n","protected":false},"author":1,"featured_media":0,"parent":0,"menu_order":0,"comment_status":"closed","ping_status":"closed","template":"elementor_header_footer","meta":[],"_links":{"self":[{"href":"https:\/\/vykop.cz\/index.php\/wp-json\/wp\/v2\/pages\/653"}],"collection":[{"href":"https:\/\/vykop.cz\/index.php\/wp-json\/wp\/v2\/pages"}],"about":[{"href":"https:\/\/vykop.cz\/index.php\/wp-json\/wp\/v2\/types\/page"}],"author":[{"embeddable":true,"href":"https:\/\/vykop.cz\/index.php\/wp-json\/wp\/v2\/users\/1"}],"replies":[{"embeddable":true,"href":"https:\/\/vykop.cz\/index.php\/wp-json\/wp\/v2\/comments?post=653"}],"version-history":[{"count":31,"href":"https:\/\/vykop.cz\/index.php\/wp-json\/wp\/v2\/pages\/653\/revisions"}],"predecessor-version":[{"id":868,"href":"https:\/\/vykop.cz\/index.php\/wp-json\/wp\/v2\/pages\/653\/revisions\/868"}],"wp:attachment":[{"href":"https:\/\/vykop.cz\/index.php\/wp-json\/wp\/v2\/media?parent=653"}],"curies":[{"name":"wp","href":"https:\/\/api.w.org\/{rel}","templated":true}]}}